{"id":3207,"date":"2022-07-09T08:53:46","date_gmt":"2022-07-09T06:53:46","guid":{"rendered":"https:\/\/www.barckhaus.com\/metz\/"},"modified":"2025-10-13T14:22:40","modified_gmt":"2025-10-13T12:22:40","slug":"metz","status":"publish","type":"page","link":"https:\/\/www.barckhaus.com\/en\/metz\/","title":{"rendered":"Metz"},"content":{"rendered":"\t\t<div data-elementor-type=\"wp-page\" data-elementor-id=\"3207\" class=\"elementor elementor-3207 elementor-2482\" data-elementor-post-type=\"page\">\n\t\t\t\t\t\t<section class=\"elementor-section elementor-top-section elementor-element elementor-element-6b913c4a elementor-section-full_width elementor-reverse-tablet elementor-reverse-mobile elementor-section-height-default elementor-section-height-default\" data-id=\"6b913c4a\" data-element_type=\"section\" id=\"wolf\">\n\t\t\t\t\t\t<div class=\"elementor-container elementor-column-gap-default\">\n\t\t\t\t\t<div class=\"elementor-column elementor-col-50 elementor-top-column elementor-element elementor-element-455a5aa5\" data-id=\"455a5aa5\" data-element_type=\"column\" data-settings=\"{&quot;background_background&quot;:&quot;classic&quot;}\">\n\t\t\t<div class=\"elementor-widget-wrap elementor-element-populated\">\n\t\t\t\t\t\t<div class=\"elementor-element elementor-element-938de84 elementor-widget elementor-widget-heading\" data-id=\"938de84\" data-element_type=\"widget\" data-widget_type=\"heading.default\">\n\t\t\t\t<div class=\"elementor-widget-container\">\n\t\t\t\t\t<h2 class=\"elementor-heading-title elementor-size-default\">Andrea Metz, LL.M.  <br><p style=\"font-weight: 400;white-space: normal\">Lawyer | Partner<span style=\"font-weight: 600;white-space: pre-wrap\"><\/span><\/p><\/h2>\t\t\t\t<\/div>\n\t\t\t\t<\/div>\n\t\t\t\t<div class=\"elementor-element elementor-element-331d8689 elementor-widget elementor-widget-spacer\" data-id=\"331d8689\" data-element_type=\"widget\" data-widget_type=\"spacer.default\">\n\t\t\t\t<div class=\"elementor-widget-container\">\n\t\t\t\t\t\t\t<div class=\"elementor-spacer\">\n\t\t\t<div class=\"elementor-spacer-inner\"><\/div>\n\t\t<\/div>\n\t\t\t\t\t\t<\/div>\n\t\t\t\t<\/div>\n\t\t\t\t<div class=\"elementor-element elementor-element-4b340273 elementor-widget elementor-widget-text-editor\" data-id=\"4b340273\" data-element_type=\"widget\" data-widget_type=\"text-editor.default\">\n\t\t\t\t<div class=\"elementor-widget-container\">\n\t\t\t\t\t\t\t\t\t<p><a href=\"mailto:metz@barckhaus.com\">metz@barckhaus.com<\/a><\/p>\n<p>+49 (0) 151 510 75870<\/p>\n<p><a style=\"background-color: #f7f5f2;\" href=\"https:\/\/www.linkedin.com\/in\/andrea-metz-5788b89\">LinkedIn &#8220;<\/a><\/p>\t\t\t\t\t\t\t\t<\/div>\n\t\t\t\t<\/div>\n\t\t\t\t<div class=\"elementor-element elementor-element-7a3b869c elementor-widget-divider--view-line elementor-widget elementor-widget-divider\" data-id=\"7a3b869c\" data-element_type=\"widget\" data-widget_type=\"divider.default\">\n\t\t\t\t<div class=\"elementor-widget-container\">\n\t\t\t\t\t\t\t<div class=\"elementor-divider\">\n\t\t\t<span class=\"elementor-divider-separator\">\n\t\t\t\t\t\t<\/span>\n\t\t<\/div>\n\t\t\t\t\t\t<\/div>\n\t\t\t\t<\/div>\n\t\t\t\t\t<\/div>\n\t\t<\/div>\n\t\t\t\t<div class=\"elementor-column elementor-col-50 elementor-top-column elementor-element elementor-element-2472944c\" data-id=\"2472944c\" data-element_type=\"column\" data-settings=\"{&quot;background_background&quot;:&quot;classic&quot;}\">\n\t\t\t<div class=\"elementor-widget-wrap elementor-element-populated\">\n\t\t\t\t\t\t<div class=\"elementor-element elementor-element-a3a61f7 elementor-widget elementor-widget-image\" data-id=\"a3a61f7\" data-element_type=\"widget\" data-widget_type=\"image.default\">\n\t\t\t\t<div class=\"elementor-widget-container\">\n\t\t\t\t\t\t\t\t\t\t\t\t\t\t\t<img fetchpriority=\"high\" decoding=\"async\" width=\"800\" height=\"534\" src=\"https:\/\/www.barckhaus.com\/wp-content\/uploads\/2022\/07\/Andrea-Metz-1024x683.jpg\" class=\"attachment-large size-large wp-image-1849\" alt=\"\" srcset=\"https:\/\/www.barckhaus.com\/wp-content\/uploads\/2022\/07\/Andrea-Metz-1024x683.jpg 1024w, https:\/\/www.barckhaus.com\/wp-content\/uploads\/2022\/07\/Andrea-Metz-300x200.jpg 300w, https:\/\/www.barckhaus.com\/wp-content\/uploads\/2022\/07\/Andrea-Metz-768x512.jpg 768w, https:\/\/www.barckhaus.com\/wp-content\/uploads\/2022\/07\/Andrea-Metz-1536x1024.jpg 1536w, https:\/\/www.barckhaus.com\/wp-content\/uploads\/2022\/07\/Andrea-Metz-2048x1366.jpg 2048w\" sizes=\"(max-width: 800px) 100vw, 800px\" \/>\t\t\t\t\t\t\t\t\t\t\t\t\t\t\t<\/div>\n\t\t\t\t<\/div>\n\t\t\t\t\t<\/div>\n\t\t<\/div>\n\t\t\t\t\t<\/div>\n\t\t<\/section>\n\t\t\t\t<section class=\"elementor-section elementor-top-section elementor-element elementor-element-32b30fa4 elementor-section-full_width elementor-section-height-default elementor-section-height-default\" data-id=\"32b30fa4\" data-element_type=\"section\" data-settings=\"{&quot;background_background&quot;:&quot;classic&quot;}\">\n\t\t\t\t\t\t<div class=\"elementor-container elementor-column-gap-default\">\n\t\t\t\t\t<div class=\"elementor-column elementor-col-50 elementor-top-column elementor-element elementor-element-5d5bdd60\" data-id=\"5d5bdd60\" data-element_type=\"column\">\n\t\t\t<div class=\"elementor-widget-wrap elementor-element-populated\">\n\t\t\t\t\t\t<div class=\"elementor-element elementor-element-68278bb2 elementor-hidden-desktop elementor-hidden-tablet_extra elementor-hidden-tablet elementor-hidden-mobile elementor-hidden-mobile_extra elementor-widget elementor-widget-text-editor\" data-id=\"68278bb2\" data-element_type=\"widget\" data-widget_type=\"text-editor.default\">\n\t\t\t\t<div class=\"elementor-widget-container\">\n\t\t\t\t\t\t\t\t\t<h1 class=\"elementor-heading-title elementor-size-default elementor-inline-editing pen\" style=\"font-family: var( --e-global-typography-primary-font-family ), Sans-serif; font-weight: var( --e-global-typography-primary-font-weight );\" data-elementor-setting-key=\"title\" data-pen-placeholder=\"Eingabe hier...\"><img decoding=\"async\" class=\"alignleft wp-image-190\" src=\"https:\/\/www.barckhaus.com\/wp-content\/uploads\/2022\/06\/Barckhaus-2-Punkte-186x300.png\" alt=\"\" width=\"10\" height=\"16\" srcset=\"https:\/\/www.barckhaus.com\/wp-content\/uploads\/2022\/06\/Barckhaus-2-Punkte-186x300.png 186w, https:\/\/www.barckhaus.com\/wp-content\/uploads\/2022\/06\/Barckhaus-2-Punkte.png 380w\" sizes=\"(max-width: 10px) 100vw, 10px\" \/><span style=\"vertical-align: inherit;\"><span style=\"vertical-align: inherit;\"><span style=\"vertical-align: inherit;\"><span style=\"vertical-align: inherit;\">Quote<\/span><\/span><\/span><\/span><\/h1>\n\t\t\t\t\t\t\t\t<\/div>\n\t\t\t\t<\/div>\n\t\t\t\t\t<\/div>\n\t\t<\/div>\n\t\t\t\t<div class=\"elementor-column elementor-col-50 elementor-top-column elementor-element elementor-element-4fe25956\" data-id=\"4fe25956\" data-element_type=\"column\" data-settings=\"{&quot;background_background&quot;:&quot;gradient&quot;}\">\n\t\t\t<div class=\"elementor-widget-wrap elementor-element-populated\">\n\t\t\t\t\t\t<div class=\"elementor-element elementor-element-734fdb00 elementor-widget elementor-widget-text-editor\" data-id=\"734fdb00\" data-element_type=\"widget\" data-widget_type=\"text-editor.default\">\n\t\t\t\t<div class=\"elementor-widget-container\">\n\t\t\t\t\t\t\t\t\t<p>Andrea Metz has more than 20 years of experience as an expert in corporate law and M&amp;A as well as restructuring and insolvency. Andrea Metz began her career in 1996 as legal counsel for the Hamburg-based musical company Stella AG. After a period abroad in New York with the International Tax Desk of Ernst &amp; Young, she worked for many years as a lawyer\/partner at Luther and most recently at Buse. Andrea Metz holds a Master of Laws (LL.M.) degree from the London School of Economics. She regularly speaks at professional events and participates on panels, often as a moderator. As a consultant, the human side of a case is important to Andrea Metz in addition to the professional side. It strives for pragmatic answers and is intent on achieving a balance &#8211; as far as this is possible.<\/p><p>\u00a0<\/p><p>Languages: German, English and French; basic knowledge of Italian and Arabic<\/p><p>\u00a0<\/p><p>Andrea Metz primarily advises on restructuring, reorganization and insolvency as well as on corporate law\/M&amp;A. She has a country focus on Franco-German legal relations.<\/p><p>\u00a0<\/p><p>In 2025, she has been honoured as one of \u2018Germany&#8217;s Best Lawyers\u2019 for the third time since 2023 in the category of restructuring and insolvency by the US publisher \u2018Best Lawyers\u2019 in cooperation with the Handelsblatt newspaper.<\/p><p>\u00a0<\/p><p>In 2025, she was also recognised as \u2018Top Lawyer 2026\u2019 in the field of corporate law and M&amp;A by the F.A.Z. Institute in cooperation with QuantiQuest.<\/p>\t\t\t\t\t\t\t\t<\/div>\n\t\t\t\t<\/div>\n\t\t\t\t<div class=\"elementor-element elementor-element-63b8a5b elementor-widget elementor-widget-toggle\" data-id=\"63b8a5b\" data-element_type=\"widget\" data-widget_type=\"toggle.default\">\n\t\t\t\t<div class=\"elementor-widget-container\">\n\t\t\t\t\t\t\t<div class=\"elementor-toggle\">\n\t\t\t\t\t\t\t<div class=\"elementor-toggle-item\">\n\t\t\t\t\t<div id=\"elementor-tab-title-1041\" class=\"elementor-tab-title\" data-tab=\"1\" role=\"button\" aria-controls=\"elementor-tab-content-1041\" aria-expanded=\"false\">\n\t\t\t\t\t\t\t\t\t\t\t\t<a class=\"elementor-toggle-title\" tabindex=\"0\">Memberships \u00bb<\/a>\n\t\t\t\t\t<\/div>\n\n\t\t\t\t\t<div id=\"elementor-tab-content-1041\" class=\"elementor-tab-content elementor-clearfix\" data-tab=\"1\" role=\"region\" aria-labelledby=\"elementor-tab-title-1041\"><ul><li>NIVD &#8211; New Insolvency Administrators Association of Germany e.V.<\/li><li>INSOL Europe<\/li><li>Distressed Ladies &#8211; Women in Restructuring e.V.<\/li><li>Society for Restructuring Germany &#8211; TMA Deutschland e.V.<\/li><li>brsi &#8211; Federal Association for Repositioning, Restructuring and Interim Management e.V.<\/li><li>Club des Affaires de la Hesse e.V.<\/li><li>International Bar Association &#8211; Insolvency Committee and Closely Held and Growing Business Enterprises Committee (CHAGBE)<\/li><li>Lions Club Cosmopolitan Frankfurt e.V.<\/li><\/ul><\/div>\n\t\t\t\t<\/div>\n\t\t\t\t\t\t\t<div class=\"elementor-toggle-item\">\n\t\t\t\t\t<div id=\"elementor-tab-title-1042\" class=\"elementor-tab-title\" data-tab=\"2\" role=\"button\" aria-controls=\"elementor-tab-content-1042\" aria-expanded=\"false\">\n\t\t\t\t\t\t\t\t\t\t\t\t<a class=\"elementor-toggle-title\" tabindex=\"0\">Lectures \u00bb<\/a>\n\t\t\t\t\t<\/div>\n\n\t\t\t\t\t<div id=\"elementor-tab-content-1042\" class=\"elementor-tab-content elementor-clearfix\" data-tab=\"2\" role=\"region\" aria-labelledby=\"elementor-tab-title-1042\"><div class=\"x_elementToProof\" data-ogsc=\"rgb(0, 0, 0)\"><span data-ogsc=\"\" data-ogsb=\"rgb(255, 255, 0)\" data-olk-copy-source=\"MessageBody\">3 October 2025: Presentation at the 41st Congress of the French Insolvency Professionals Association (IFPPC) in Berlin on similarities and differences in German and French insolvency law (with Myl\u00e8ne Boch\u00e9-Robinet, Boch\u00e9 Dobelle Avocats)<\/span><\/div><div class=\"x_elementToProof\" data-ogsc=\"rgb(0, 0, 0)\"><span data-ogsc=\"\" data-ogsb=\"rgb(255, 255, 0)\">22 May 2025: Opening lecture at the 25th D\u00fcsseldorf Insolvency Days on the topic of \u2018Tension between company law and StaRUG?\u2019 (with Prof. Dr. Udo Becker)<\/span><\/div><div class=\"x_elementToProof\" data-ogsc=\"rgb(0, 0, 0)\"><span data-ogsc=\"\" data-ogsb=\"rgb(255, 255, 0)\">17 October 2024: Moderation of the panel \u2018In the end, there is a plan \u2013 an exciting insight into the practice of insolvency proceedings in Austria and Germany\u2019 at the TMA NOW event on the occasion of the Restructuring Symposium in Kufstein \/ Austria<\/span><\/div><div data-ogsc=\"rgb(0, 0, 0)\"><div class=\"x_elementToProof\" data-ogsc=\"rgb(0, 0, 0)\"><span data-ogsc=\"\" data-ogsb=\"rgb(255, 255, 0)\" data-olk-copy-source=\"MessageBody\">18 September 2024: Moderator of the \u2018German-French Restructuring Breakfast\u2019 (law firm event) in Frankfurt<\/span><\/div><div class=\"x_elementToProof\" data-ogsc=\"rgb(0, 0, 0)\"><span data-ogsc=\"\" data-ogsb=\"rgb(255, 255, 0)\">30 May 2024: Presentation on \u2018Les aspects de droit de soci\u00e9t\u00e9\u2019 at the \u2018Les soci\u00e9t\u00e9s en joint venture\u2019 event organised by DAV France in Paris (with Dr Antje Luke)<\/span><\/div><\/div><p>9 April 2024: TMA NOW Event, lecture: &#8220;Managing director and consultant liability &#8211; where are the dangers lurking in practice?&#8221;, Frankfurt am Main<\/p><p>14 September 2023: Moderation panel &#8220;Which companies benefit from StaRUG? A procedure from different perspectives&#8221; on the eve of the Heidelberg Restructuring Conference, TMA NOW Event, Heidelberg<\/p><p>14 June 2023: &#8220;Do you recognise me? UK, EU cross-border insolvency in the Brexit aftermath&#8221;, R3 and INSOL Europe, London<\/p><p>23 May 2023: Panel on &#8220;Release of Third Parties &#8211; Comparison between Jurisdictions&#8221; IBA International Insolvency Conference, Madrid<\/p><\/div>\n\t\t\t\t<\/div>\n\t\t\t\t\t\t\t\t<\/div>\n\t\t\t\t\t\t<\/div>\n\t\t\t\t<\/div>\n\t\t\t\t\t<\/div>\n\t\t<\/div>\n\t\t\t\t\t<\/div>\n\t\t<\/section>\n\t\t\t\t<section class=\"elementor-section elementor-top-section elementor-element elementor-element-a87732a elementor-section-full_width elementor-section-height-default elementor-section-height-default\" data-id=\"a87732a\" data-element_type=\"section\" data-settings=\"{&quot;background_background&quot;:&quot;classic&quot;}\">\n\t\t\t\t\t\t<div class=\"elementor-container elementor-column-gap-default\">\n\t\t\t\t\t<div class=\"elementor-column elementor-col-50 elementor-top-column elementor-element elementor-element-43a1b39\" data-id=\"43a1b39\" data-element_type=\"column\">\n\t\t\t<div class=\"elementor-widget-wrap elementor-element-populated\">\n\t\t\t\t\t\t<section class=\"elementor-section elementor-inner-section elementor-element elementor-element-0dd9b31 elementor-section-full_width elementor-section-height-default elementor-section-height-default\" data-id=\"0dd9b31\" data-element_type=\"section\">\n\t\t\t\t\t\t<div class=\"elementor-container elementor-column-gap-default\">\n\t\t\t\t\t<div class=\"elementor-column elementor-col-33 elementor-inner-column elementor-element elementor-element-15ad1b7\" data-id=\"15ad1b7\" data-element_type=\"column\">\n\t\t\t<div class=\"elementor-widget-wrap elementor-element-populated\">\n\t\t\t\t\t\t<div class=\"elementor-element elementor-element-778237b elementor-align-right elementor-widget elementor-widget-button\" data-id=\"778237b\" data-element_type=\"widget\" data-widget_type=\"button.default\">\n\t\t\t\t<div class=\"elementor-widget-container\">\n\t\t\t\t\t\t\t\t\t<div class=\"elementor-button-wrapper\">\n\t\t\t\t\t<a class=\"elementor-button elementor-button-link elementor-size-sm\" href=\"https:\/\/www.barckhaus.com\/en\/kehrberger\">\n\t\t\t\t\t\t<span class=\"elementor-button-content-wrapper\">\n\t\t\t\t\t\t\t\t\t<span class=\"elementor-button-text\">Back<\/span>\n\t\t\t\t\t<\/span>\n\t\t\t\t\t<\/a>\n\t\t\t\t<\/div>\n\t\t\t\t\t\t\t\t<\/div>\n\t\t\t\t<\/div>\n\t\t\t\t\t<\/div>\n\t\t<\/div>\n\t\t\t\t<div class=\"elementor-column elementor-col-33 elementor-inner-column elementor-element elementor-element-be8ff69\" data-id=\"be8ff69\" data-element_type=\"column\">\n\t\t\t<div class=\"elementor-widget-wrap elementor-element-populated\">\n\t\t\t\t\t\t<div class=\"elementor-element elementor-element-59d6088 elementor-widget elementor-widget-progress\" data-id=\"59d6088\" data-element_type=\"widget\" data-widget_type=\"progress.default\">\n\t\t\t\t<div class=\"elementor-widget-container\">\n\t\t\t\t\t\n\t\t<div class=\"elementor-progress-wrapper\" role=\"progressbar\" aria-valuemin=\"0\" aria-valuemax=\"100\" aria-valuenow=\"75\">\n\t\t\t<div class=\"elementor-progress-bar\" data-max=\"75\">\n\t\t\t\t<span class=\"elementor-progress-text\"><\/span>\n\t\t\t\t\t\t\t<\/div>\n\t\t<\/div>\n\t\t\t\t\t\t<\/div>\n\t\t\t\t<\/div>\n\t\t\t\t\t<\/div>\n\t\t<\/div>\n\t\t\t\t<div class=\"elementor-column elementor-col-33 elementor-inner-column elementor-element elementor-element-fdb3ae2\" data-id=\"fdb3ae2\" data-element_type=\"column\">\n\t\t\t<div class=\"elementor-widget-wrap elementor-element-populated\">\n\t\t\t\t\t\t<div class=\"elementor-element elementor-element-aa31edd elementor-align-left elementor-widget elementor-widget-button\" data-id=\"aa31edd\" data-element_type=\"widget\" data-widget_type=\"button.default\">\n\t\t\t\t<div class=\"elementor-widget-container\">\n\t\t\t\t\t\t\t\t\t<div class=\"elementor-button-wrapper\">\n\t\t\t\t\t<a class=\"elementor-button elementor-button-link elementor-size-sm\" href=\"https:\/\/www.barckhaus.com\/en\/schanz\/\">\n\t\t\t\t\t\t<span class=\"elementor-button-content-wrapper\">\n\t\t\t\t\t\t\t\t\t<span class=\"elementor-button-text\">Next<\/span>\n\t\t\t\t\t<\/span>\n\t\t\t\t\t<\/a>\n\t\t\t\t<\/div>\n\t\t\t\t\t\t\t\t<\/div>\n\t\t\t\t<\/div>\n\t\t\t\t\t<\/div>\n\t\t<\/div>\n\t\t\t\t\t<\/div>\n\t\t<\/section>\n\t\t\t\t<div class=\"elementor-element elementor-element-9e41068 elementor-widget elementor-widget-spacer\" data-id=\"9e41068\" data-element_type=\"widget\" data-widget_type=\"spacer.default\">\n\t\t\t\t<div class=\"elementor-widget-container\">\n\t\t\t\t\t\t\t<div class=\"elementor-spacer\">\n\t\t\t<div class=\"elementor-spacer-inner\"><\/div>\n\t\t<\/div>\n\t\t\t\t\t\t<\/div>\n\t\t\t\t<\/div>\n\t\t\t\t\t<\/div>\n\t\t<\/div>\n\t\t\t\t<div class=\"elementor-column elementor-col-50 elementor-top-column elementor-element elementor-element-7821242 elementor-hidden-tablet elementor-hidden-mobile elementor-hidden-tablet_extra\" data-id=\"7821242\" data-element_type=\"column\">\n\t\t\t<div class=\"elementor-widget-wrap\">\n\t\t\t\t\t\t\t<\/div>\n\t\t<\/div>\n\t\t\t\t\t<\/div>\n\t\t<\/section>\n\t\t\t\t<\/div>\n\t\t","protected":false},"excerpt":{"rendered":"<p>Andrea Metz, LL.M. Lawyer | Partner metz@barckhaus.com +49 (0) 151 510 75870 LinkedIn &#8220; Quote Andrea Metz has more than 20 years of experience as an expert in corporate law and M&amp;A as well as restructuring and insolvency. Andrea Metz began her career in 1996 as legal counsel for the Hamburg-based musical company Stella AG. [&hellip;]<\/p>\n","protected":false},"author":2,"featured_media":0,"parent":0,"menu_order":0,"comment_status":"closed","ping_status":"closed","template":"","meta":{"footnotes":""},"class_list":["post-3207","page","type-page","status-publish","hentry"],"_links":{"self":[{"href":"https:\/\/www.barckhaus.com\/en\/wp-json\/wp\/v2\/pages\/3207","targetHints":{"allow":["GET"]}}],"collection":[{"href":"https:\/\/www.barckhaus.com\/en\/wp-json\/wp\/v2\/pages"}],"about":[{"href":"https:\/\/www.barckhaus.com\/en\/wp-json\/wp\/v2\/types\/page"}],"author":[{"embeddable":true,"href":"https:\/\/www.barckhaus.com\/en\/wp-json\/wp\/v2\/users\/2"}],"replies":[{"embeddable":true,"href":"https:\/\/www.barckhaus.com\/en\/wp-json\/wp\/v2\/comments?post=3207"}],"version-history":[{"count":41,"href":"https:\/\/www.barckhaus.com\/en\/wp-json\/wp\/v2\/pages\/3207\/revisions"}],"predecessor-version":[{"id":5274,"href":"https:\/\/www.barckhaus.com\/en\/wp-json\/wp\/v2\/pages\/3207\/revisions\/5274"}],"wp:attachment":[{"href":"https:\/\/www.barckhaus.com\/en\/wp-json\/wp\/v2\/media?parent=3207"}],"curies":[{"name":"wp","href":"https:\/\/api.w.org\/{rel}","templated":true}]}}